{"id":7962,"date":"2025-11-06T13:11:35","date_gmt":"2025-11-06T13:11:35","guid":{"rendered":"https:\/\/smarthotelbudapest.hu\/careers\/"},"modified":"2025-12-09T20:56:47","modified_gmt":"2025-12-09T20:56:47","slug":"careers","status":"publish","type":"page","link":"https:\/\/smarthotelbudapest.hu\/en\/careers\/","title":{"rendered":"Careers"},"content":{"rendered":"\t\t<div data-elementor-type=\"wp-page\" data-elementor-id=\"7962\" class=\"elementor elementor-7962 elementor-7113\" data-elementor-post-type=\"page\">\n\t\t\t\t<div class=\"elementor-element elementor-element-8dd6ea4 e-flex e-con-boxed e-con e-parent\" data-id=\"8dd6ea4\" data-element_type=\"container\" data-e-type=\"container\" data-settings=\"{&quot;background_background&quot;:&quot;classic&quot;}\">\n\t\t\t\t\t<div class=\"e-con-inner\">\n\t\t<div class=\"elementor-element elementor-element-b72a148 e-con-full e-flex e-con e-child\" data-id=\"b72a148\" data-element_type=\"container\" data-e-type=\"container\">\n\t\t\t\t<div class=\"elementor-element elementor-element-c99b23e elementor-invisible elementor-widget elementor-widget-heading\" data-id=\"c99b23e\" data-element_type=\"widget\" data-e-type=\"widget\" data-settings=\"{&quot;_animation&quot;:&quot;fadeInUp&quot;,&quot;_animation_delay&quot;:200}\" data-widget_type=\"heading.default\">\n\t\t\t\t\t<span class=\"elementor-heading-title elementor-size-default\">Careers<\/span>\t\t\t\t<\/div>\n\t\t\t\t<div class=\"elementor-element elementor-element-cbbb976 elementor-invisible elementor-widget elementor-widget-heading\" data-id=\"cbbb976\" data-element_type=\"widget\" data-e-type=\"widget\" data-settings=\"{&quot;_animation&quot;:&quot;fadeInUp&quot;,&quot;_animation_delay&quot;:400}\" data-widget_type=\"heading.default\">\n\t\t\t\t\t<h2 class=\"elementor-heading-title elementor-size-default\">Join us! Be a part of the Smart Hotel Budapest team. <\/h2>\t\t\t\t<\/div>\n\t\t\t\t<div class=\"elementor-element elementor-element-bf35d6d elementor-widget-tablet__width-initial elementor-widget__width-initial elementor-invisible elementor-widget elementor-widget-text-editor\" data-id=\"bf35d6d\" data-element_type=\"widget\" data-e-type=\"widget\" data-settings=\"{&quot;_animation&quot;:&quot;fadeInUp&quot;,&quot;_animation_delay&quot;:600}\" data-widget_type=\"text-editor.default\">\n\t\t\t\t\t\t\t\t\tLuxury environment, with a fireplace, wine bar, glass corridor, private garden, panoramic wine safe elevator, and spa elements: sauna, steam bath\nLocated 20 meters from Kir\u00e1ly Street in L\u00f6v\u00f6lde Square, this 3-story wine-themed boutique hotel evokes a sense of luxury and sophistication in every detail. It is also available for photoshoots, filming, and movie productions. \n\n&#8230;\n\nView our gallery and if you liked it, read more about us.\n\n\t\t\t\t\t\t\t\t<\/div>\n\t\t\t\t<\/div>\n\t\t\t\t\t<\/div>\n\t\t\t\t<\/div>\n\t\t<div class=\"elementor-element elementor-element-750ad2c e-flex e-con-boxed e-con e-parent\" data-id=\"750ad2c\" data-element_type=\"container\" data-e-type=\"container\" data-settings=\"{&quot;background_background&quot;:&quot;classic&quot;}\">\n\t\t\t\t\t<div class=\"e-con-inner\">\n\t\t<div class=\"elementor-element elementor-element-1febd25 e-flex e-con-boxed e-con e-child\" data-id=\"1febd25\" data-element_type=\"container\" data-e-type=\"container\">\n\t\t\t\t\t<div class=\"e-con-inner\">\n\t\t\t\t<div class=\"elementor-element elementor-element-120285d elementor-invisible elementor-widget elementor-widget-text-editor\" data-id=\"120285d\" data-element_type=\"widget\" data-e-type=\"widget\" data-settings=\"{&quot;_animation&quot;:&quot;fadeInUp&quot;,&quot;_animation_delay&quot;:600}\" data-widget_type=\"text-editor.default\">\n\t\t\t\t\t\t\t\t\t<p>2019. In May, we opened our wine-themed smart boutique hotel. The good atmosphere, direct communication, and mutual trust are the kind of feedback from our colleagues that you surely desire when thinking about your future workplace. We believe that you will find your place with us, and that together we will achieve great things! We look forward to your application; be a part of our passion!   <\/p><div class=\"wp-block-spacer\" aria-hidden=\"true\"> <\/div><p>Our four-star hotel, located 700 meters from V\u00e1rosliget (City Park) at the corner of Kir\u00e1ly Street on L\u00f6v\u00f6lde Square, is looking for a new colleague for its young, cheerful, and dynamic <strong>Front Office team<\/strong>. Work with us, gain valuable professional experience, grow with us, and be the perfect host of our hotel! Feel Welcome!  <\/p>\t\t\t\t\t\t\t\t<\/div>\n\t\t\t\t<div class=\"elementor-element elementor-element-8b6065d elementor-invisible elementor-widget elementor-widget-heading\" data-id=\"8b6065d\" data-element_type=\"widget\" data-e-type=\"widget\" data-settings=\"{&quot;_animation&quot;:&quot;fadeInUp&quot;,&quot;_animation_delay&quot;:400}\" data-widget_type=\"heading.default\">\n\t\t\t\t\t<h2 class=\"elementor-heading-title elementor-size-default\">FRONT OFFICE \u2013 RECEPTIONIST POSITION<\/h2>\t\t\t\t<\/div>\n\t\t\t\t<div class=\"elementor-element elementor-element-9345d49 elementor-invisible elementor-widget elementor-widget-text-editor\" data-id=\"9345d49\" data-element_type=\"widget\" data-e-type=\"widget\" data-settings=\"{&quot;_animation&quot;:&quot;fadeInUp&quot;,&quot;_animation_delay&quot;:600}\" data-widget_type=\"text-editor.default\">\n\t\t\t\t\t\t\t\t\t<h2 class=\"has-text-align-center wp-block-heading\">Key Responsibilities<\/h2><p>You ensure seamless and high-quality service for guests, actively contributing to a perfect guest experience.<\/p><div class=\"wp-block-spacer\" aria-hidden=\"true\"> <\/div><p>Perform hotel receptionist duties at a professional level, in a two-shift work schedule<\/p><div class=\"wp-block-spacer\" aria-hidden=\"true\"> <\/div><p>or if it better suits your personality and lifestyle, in day-night shifts<\/p><div class=\"wp-block-spacer\" aria-hidden=\"true\"> <\/div><h2 class=\"has-text-align-center wp-block-heading\">Requirements for the position<\/h2><p>Passion for hospitality<\/p><div class=\"wp-block-spacer\" aria-hidden=\"true\"> <\/div><p>Excellent communication and interpersonal skills<\/p><div class=\"wp-block-spacer\" aria-hidden=\"true\"> <\/div><p>Good problem-solving skills. Helpful, kind, and empathetic personality. <\/p><div class=\"wp-block-spacer\" aria-hidden=\"true\"> <\/div><p>Team spirit. Quality-oriented thinking and work ethic. <\/p><div class=\"wp-block-spacer\" aria-hidden=\"true\"> <\/div><p>English language proficiency<\/p><div class=\"wp-block-spacer\" aria-hidden=\"true\"> <\/div><h2 class=\"has-text-align-center wp-block-heading\">What we consider an advantage<\/h2><p>Knowledge of SabeeApp hotel software<\/p><div class=\"wp-block-spacer\" aria-hidden=\"true\"> <\/div><p>Knowledge of additional foreign languages<\/p><div class=\"wp-block-spacer\" aria-hidden=\"true\"> <\/div><h2 class=\"has-text-align-center wp-block-heading\">What we offer<\/h2><p>Diverse and varied work<\/p><div class=\"wp-block-spacer\" aria-hidden=\"true\"> <\/div><p>Opportunity for development<\/p><div class=\"wp-block-spacer\" aria-hidden=\"true\"> <\/div><p>Motivated, experienced colleagues; cheerful, dynamic team<\/p><div class=\"wp-block-spacer\" aria-hidden=\"true\"> <\/div><p>Stable workplace<\/p>\t\t\t\t\t\t\t\t<\/div>\n\t\t\t\t<div class=\"elementor-element elementor-element-25b7b5b elementor-cta--skin-classic elementor-animated-content elementor-bg-transform elementor-bg-transform-zoom-in elementor-widget elementor-widget-call-to-action\" data-id=\"25b7b5b\" data-element_type=\"widget\" data-e-type=\"widget\" data-widget_type=\"call-to-action.default\">\n\t\t\t\t\t\t\t<div class=\"elementor-cta\">\n\t\t\t\t\t\t\t<div class=\"elementor-cta__content\">\n\t\t\t\t\n\t\t\t\t\t\t\t\t\t<h2 class=\"elementor-cta__title elementor-cta__content-item elementor-content-item\">\n\t\t\t\t\t\tHow to apply\t\t\t\t\t<\/h2>\n\t\t\t\t\n\t\t\t\t\t\t\t\t\t<div class=\"elementor-cta__description elementor-cta__content-item elementor-content-item\">\n\t\t\t\t\t\tSend your CV to the following email address or contact us by phone<\/br>\n<span class=\"karrieres\">\ntamas.gali@ smarthotelbudapest.com<\/br>\n\nAddress: 1068 Budapest, L\u00f6v\u00f6lde t\u00e9r 4.<\/br>\n\nPhone: +36303161751<\/br><\/span> \t\t\t\t\t<\/div>\n\t\t\t\t\n\t\t\t\t\t\t\t<\/div>\n\t\t\t\t\t\t<\/div>\n\t\t\t\t\t\t<\/div>\n\t\t\t\t\t<\/div>\n\t\t\t\t<\/div>\n\t\t\t\t\t<\/div>\n\t\t\t\t<\/div>\n\t\t\t\t<\/div>\n\t\t","protected":false},"excerpt":{"rendered":"<p>Careers Join us! Be a part of the Smart Hotel Budapest team. Luxury environment, with a fireplace, wine bar, glass corridor, private garden, panoramic wine safe elevator, and spa elements: sauna, steam bath Located 20 meters from Kir\u00e1ly Street in L\u00f6v\u00f6lde Square, this 3-story wine-themed boutique hotel evokes a sense of luxury and sophistication in [&hellip;]<\/p>\n","protected":false},"author":1,"featured_media":0,"parent":0,"menu_order":0,"comment_status":"closed","ping_status":"closed","template":"","meta":{"footnotes":""},"class_list":["post-7962","page","type-page","status-publish","hentry"],"_links":{"self":[{"href":"https:\/\/smarthotelbudapest.hu\/en\/wp-json\/wp\/v2\/pages\/7962","targetHints":{"allow":["GET"]}}],"collection":[{"href":"https:\/\/smarthotelbudapest.hu\/en\/wp-json\/wp\/v2\/pages"}],"about":[{"href":"https:\/\/smarthotelbudapest.hu\/en\/wp-json\/wp\/v2\/types\/page"}],"author":[{"embeddable":true,"href":"https:\/\/smarthotelbudapest.hu\/en\/wp-json\/wp\/v2\/users\/1"}],"replies":[{"embeddable":true,"href":"https:\/\/smarthotelbudapest.hu\/en\/wp-json\/wp\/v2\/comments?post=7962"}],"version-history":[{"count":8,"href":"https:\/\/smarthotelbudapest.hu\/en\/wp-json\/wp\/v2\/pages\/7962\/revisions"}],"predecessor-version":[{"id":8198,"href":"https:\/\/smarthotelbudapest.hu\/en\/wp-json\/wp\/v2\/pages\/7962\/revisions\/8198"}],"wp:attachment":[{"href":"https:\/\/smarthotelbudapest.hu\/en\/wp-json\/wp\/v2\/media?parent=7962"}],"curies":[{"name":"wp","href":"https:\/\/api.w.org\/{rel}","templated":true}]}}